{"id":855,"date":"2024-11-06T11:18:28","date_gmt":"2024-11-06T10:18:28","guid":{"rendered":"https:\/\/www.lumatec-group.com\/produits\/"},"modified":"2026-03-20T12:24:46","modified_gmt":"2026-03-20T11:24:46","slug":"produkte","status":"publish","type":"page","link":"https:\/\/www.lumatec-group.com\/de\/produkte\/","title":{"rendered":"Produkte"},"content":{"rendered":"\t\t<div data-elementor-type=\"wp-page\" data-elementor-id=\"855\" class=\"elementor elementor-855 elementor-532\">\n\t\t\t\t\t\t<section class=\"elementor-section elementor-top-section elementor-element elementor-element-40509d2 elementor-section-full_width elementor-section-height-min-height elementor-section-items-bottom elementor-section-stretched elementor-section-height-default\" data-id=\"40509d2\" data-element_type=\"section\" data-e-type=\"section\" data-settings=\"{&quot;stretch_section&quot;:&quot;section-stretched&quot;,&quot;background_background&quot;:&quot;classic&quot;,&quot;animation&quot;:&quot;none&quot;,&quot;background_image&quot;:{&quot;url&quot;:&quot;https:\\\/\\\/www.lumatec-group.com\\\/wp-content\\\/uploads\\\/2022\\\/06\\\/VisuelArchitecture@2x.jpg&quot;,&quot;id&quot;:846,&quot;size&quot;:&quot;&quot;,&quot;alt&quot;:&quot;&quot;,&quot;source&quot;:&quot;library&quot;},&quot;background_image_tablet&quot;:{&quot;url&quot;:&quot;&quot;,&quot;id&quot;:&quot;&quot;,&quot;size&quot;:&quot;&quot;},&quot;background_image_mobile&quot;:{&quot;url&quot;:&quot;&quot;,&quot;id&quot;:&quot;&quot;,&quot;size&quot;:&quot;&quot;}}\">\n\t\t\t\t\t\t\t<div class=\"elementor-background-overlay\"><\/div>\n\t\t\t\t\t\t\t<div class=\"elementor-container elementor-column-gap-default\">\n\t\t\t\t\t<div class=\"elementor-column elementor-col-100 elementor-top-column elementor-element elementor-element-464c1f4\" data-id=\"464c1f4\" data-element_type=\"column\" data-e-type=\"column\">\n\t\t\t<div class=\"elementor-widget-wrap elementor-element-populated\">\n\t\t\t\t\t\t<div class=\"elementor-element elementor-element-b00fcd6 elementor-align-left elementor-widget elementor-widget-oew-animated-heading\" data-id=\"b00fcd6\" data-element_type=\"widget\" data-e-type=\"widget\" data-settings=\"{&quot;heading_animation_delay&quot;:5700,&quot;heading_animation&quot;:&quot;slideInRight&quot;,&quot;heading_layout&quot;:&quot;animated&quot;}\" data-widget_type=\"oew-animated-heading.default\">\n\t\t\t\t<div class=\"elementor-widget-container\">\n\t\t\t\t\t\n\t\t<div id=\"oew-animated-heading-b00fcd6\" class=\"oew-heading-wrap\">\n\t\t\t<h1 class=\"oew-heading-tag\">\n\n\t\t\t\t\t\t\t\t\t<div class=\"oew-pre-heading\">Lumatec,<br\/>\u00e0 la pointe de la technologie<\/div>\n\t\t\t\t\t\n\t\t\t<\/h1>\n\t\t<\/div>\n\n\t\t\t\t\t\t<\/div>\n\t\t\t\t<\/div>\n\t\t\t\t\t<\/div>\n\t\t<\/div>\n\t\t\t\t\t<\/div>\n\t\t<\/section>\n\t\t<div class=\"elementor-element elementor-element-93611cd e-flex e-con-boxed e-con e-parent\" data-id=\"93611cd\" data-element_type=\"container\" data-e-type=\"container\">\n\t\t\t\t\t<div class=\"e-con-inner\">\n\t\t\t\t<div class=\"elementor-element elementor-element-a85b04e elementor-widget__width-inherit elementor-widget elementor-widget-heading\" data-id=\"a85b04e\" data-element_type=\"widget\" data-e-type=\"widget\" data-widget_type=\"heading.default\">\n\t\t\t\t\t<h2 class=\"elementor-heading-title elementor-size-default\">F\u00fcr Sie <strong>optimieren wir st\u00e4ndig<\/strong><\/h2>\t\t\t\t<\/div>\n\t\t\t\t<div class=\"elementor-element elementor-element-42d29cf elementor-widget-divider--view-line elementor-widget elementor-widget-divider\" data-id=\"42d29cf\" data-element_type=\"widget\" data-e-type=\"widget\" data-widget_type=\"divider.default\">\n\t\t\t\t\t\t\t<div class=\"elementor-divider\">\n\t\t\t<span class=\"elementor-divider-separator\">\n\t\t\t\t\t\t<\/span>\n\t\t<\/div>\n\t\t\t\t\t\t<\/div>\n\t\t\t\t<div class=\"elementor-element elementor-element-6fad5d0 elementor-widget__width-inherit elementor-widget elementor-widget-text-editor\" data-id=\"6fad5d0\" data-element_type=\"widget\" data-e-type=\"widget\" data-widget_type=\"text-editor.default\">\n\t\t\t\t\t\t\t\t\t<p>An der Spitze der Technologie stehen um, bei unseren Entwicklungen die funktionalen, technischen und \u00e4sthetischen Aspekte zu kombinieren. Die Leistung eines Produkts erh\u00f6hen und L\u00f6sungen bieten, die zur Architektur der Orte passt, ohne diese zu verzerren.<\/p>\t\t\t\t\t\t\t\t<\/div>\n\t\t\t\t<div class=\"elementor-element elementor-element-c51d7b7 elementor-widget__width-initial elementor-position-top elementor-widget elementor-widget-image-box\" data-id=\"c51d7b7\" data-element_type=\"widget\" data-e-type=\"widget\" data-widget_type=\"image-box.default\">\n\t\t\t\t\t<div class=\"elementor-image-box-wrapper\"><figure class=\"elementor-image-box-img\"><a href=\"https:\/\/lumatec.company\/produits\/securite.php\" target=\"_blank\" tabindex=\"-1\"><img fetchpriority=\"high\" decoding=\"async\" width=\"1371\" height=\"1371\" src=\"https:\/\/www.lumatec-group.com\/wp-content\/uploads\/2024\/11\/Lumatec-Secours2@2x.jpg\" class=\"attachment-full size-full wp-image-585\" alt=\"Lumatec vous propose des \u00e9clairages de secours.\" srcset=\"https:\/\/www.lumatec-group.com\/wp-content\/uploads\/2024\/11\/Lumatec-Secours2@2x.jpg 1371w, https:\/\/www.lumatec-group.com\/wp-content\/uploads\/2024\/11\/Lumatec-Secours2@2x-300x300.jpg 300w, https:\/\/www.lumatec-group.com\/wp-content\/uploads\/2024\/11\/Lumatec-Secours2@2x-1024x1024.jpg 1024w, https:\/\/www.lumatec-group.com\/wp-content\/uploads\/2024\/11\/Lumatec-Secours2@2x-150x150.jpg 150w, https:\/\/www.lumatec-group.com\/wp-content\/uploads\/2024\/11\/Lumatec-Secours2@2x-768x768.jpg 768w, https:\/\/www.lumatec-group.com\/wp-content\/uploads\/2024\/11\/Lumatec-Secours2@2x-600x600.jpg 600w\" sizes=\"(max-width: 1371px) 100vw, 1371px\" \/><\/a><\/figure><div class=\"elementor-image-box-content\"><h3 class=\"elementor-image-box-title\"><a href=\"https:\/\/lumatec.company\/produits\/securite.php\" target=\"_blank\">Notbeleuchtung<\/a><\/h3><\/div><\/div>\t\t\t\t<\/div>\n\t\t\t\t<div class=\"elementor-element elementor-element-86d7327 elementor-widget__width-initial elementor-position-top elementor-widget elementor-widget-image-box\" data-id=\"86d7327\" data-element_type=\"widget\" data-e-type=\"widget\" data-widget_type=\"image-box.default\">\n\t\t\t\t\t<div class=\"elementor-image-box-wrapper\"><figure class=\"elementor-image-box-img\"><a href=\"https:\/\/lumatec.company\/produits\/balisage.php\" target=\"_blank\" tabindex=\"-1\"><img decoding=\"async\" width=\"1063\" height=\"1063\" src=\"https:\/\/www.lumatec-group.com\/wp-content\/uploads\/2024\/11\/Lumatec-Balisage3@2x.jpg\" class=\"attachment-full size-full wp-image-580\" alt=\"Balisage lumineux des voix d&#039;acc\u00e8s et passerelles\" srcset=\"https:\/\/www.lumatec-group.com\/wp-content\/uploads\/2024\/11\/Lumatec-Balisage3@2x.jpg 1063w, https:\/\/www.lumatec-group.com\/wp-content\/uploads\/2024\/11\/Lumatec-Balisage3@2x-300x300.jpg 300w, https:\/\/www.lumatec-group.com\/wp-content\/uploads\/2024\/11\/Lumatec-Balisage3@2x-1024x1024.jpg 1024w, https:\/\/www.lumatec-group.com\/wp-content\/uploads\/2024\/11\/Lumatec-Balisage3@2x-150x150.jpg 150w, https:\/\/www.lumatec-group.com\/wp-content\/uploads\/2024\/11\/Lumatec-Balisage3@2x-768x768.jpg 768w, https:\/\/www.lumatec-group.com\/wp-content\/uploads\/2024\/11\/Lumatec-Balisage3@2x-600x600.jpg 600w\" sizes=\"(max-width: 1063px) 100vw, 1063px\" \/><\/a><\/figure><div class=\"elementor-image-box-content\"><h3 class=\"elementor-image-box-title\"><a href=\"https:\/\/lumatec.company\/produits\/balisage.php\" target=\"_blank\">Markierungsbeleuchtung<\/a><\/h3><\/div><\/div>\t\t\t\t<\/div>\n\t\t\t\t<div class=\"elementor-element elementor-element-addae42 elementor-widget__width-initial elementor-position-top elementor-widget elementor-widget-image-box\" data-id=\"addae42\" data-element_type=\"widget\" data-e-type=\"widget\" data-widget_type=\"image-box.default\">\n\t\t\t\t\t<div class=\"elementor-image-box-wrapper\"><figure class=\"elementor-image-box-img\"><a href=\"https:\/\/lumatec.company\/produits\/eclairage.php\" target=\"_blank\" tabindex=\"-1\"><img decoding=\"async\" width=\"920\" height=\"920\" src=\"https:\/\/www.lumatec-group.com\/wp-content\/uploads\/2024\/11\/Lumatec-EclairageCarre@2x.jpg\" class=\"attachment-full size-full wp-image-582\" alt=\"Lumatec illumine vos pi\u00e8ces avec ses solution d&#039;\u00e9clairage\" srcset=\"https:\/\/www.lumatec-group.com\/wp-content\/uploads\/2024\/11\/Lumatec-EclairageCarre@2x.jpg 920w, https:\/\/www.lumatec-group.com\/wp-content\/uploads\/2024\/11\/Lumatec-EclairageCarre@2x-300x300.jpg 300w, https:\/\/www.lumatec-group.com\/wp-content\/uploads\/2024\/11\/Lumatec-EclairageCarre@2x-150x150.jpg 150w, https:\/\/www.lumatec-group.com\/wp-content\/uploads\/2024\/11\/Lumatec-EclairageCarre@2x-768x768.jpg 768w, https:\/\/www.lumatec-group.com\/wp-content\/uploads\/2024\/11\/Lumatec-EclairageCarre@2x-600x600.jpg 600w\" sizes=\"(max-width: 920px) 100vw, 920px\" \/><\/a><\/figure><div class=\"elementor-image-box-content\"><h3 class=\"elementor-image-box-title\"><a href=\"https:\/\/lumatec.company\/produits\/eclairage.php\" target=\"_blank\">Beleuchtung<\/a><\/h3><\/div><\/div>\t\t\t\t<\/div>\n\t\t\t\t<div class=\"elementor-element elementor-element-de743b9 elementor-widget__width-initial elementor-position-top elementor-widget elementor-widget-image-box\" data-id=\"de743b9\" data-element_type=\"widget\" data-e-type=\"widget\" data-widget_type=\"image-box.default\">\n\t\t\t\t\t<div class=\"elementor-image-box-wrapper\"><figure class=\"elementor-image-box-img\"><a href=\"https:\/\/lumatec.company\/produits\/modules.php\" target=\"_blank\" tabindex=\"-1\"><img loading=\"lazy\" decoding=\"async\" width=\"926\" height=\"926\" src=\"https:\/\/www.lumatec-group.com\/wp-content\/uploads\/2024\/11\/Lumatec-Module2CARRE@2x.jpg\" class=\"attachment-full size-full wp-image-583\" alt=\"D\u00e9couvrez les diff\u00e9rents modules d&#039;\u00e9clairage Lumatec\" srcset=\"https:\/\/www.lumatec-group.com\/wp-content\/uploads\/2024\/11\/Lumatec-Module2CARRE@2x.jpg 926w, https:\/\/www.lumatec-group.com\/wp-content\/uploads\/2024\/11\/Lumatec-Module2CARRE@2x-300x300.jpg 300w, https:\/\/www.lumatec-group.com\/wp-content\/uploads\/2024\/11\/Lumatec-Module2CARRE@2x-150x150.jpg 150w, https:\/\/www.lumatec-group.com\/wp-content\/uploads\/2024\/11\/Lumatec-Module2CARRE@2x-768x768.jpg 768w, https:\/\/www.lumatec-group.com\/wp-content\/uploads\/2024\/11\/Lumatec-Module2CARRE@2x-600x600.jpg 600w\" sizes=\"(max-width: 926px) 100vw, 926px\" \/><\/a><\/figure><div class=\"elementor-image-box-content\"><h3 class=\"elementor-image-box-title\"><a href=\"https:\/\/lumatec.company\/produits\/modules.php\" target=\"_blank\">Notlichtelement<\/a><\/h3><\/div><\/div>\t\t\t\t<\/div>\n\t\t\t\t\t<\/div>\n\t\t\t\t<\/div>\n\t\t<div class=\"elementor-element elementor-element-9d6d605 e-flex e-con-boxed e-con e-parent\" data-id=\"9d6d605\" data-element_type=\"container\" data-e-type=\"container\" data-settings=\"{&quot;background_background&quot;:&quot;classic&quot;}\">\n\t\t\t\t\t<div class=\"e-con-inner\">\n\t\t\t\t<div class=\"elementor-element elementor-element-75237e1 elementor-widget__width-inherit elementor-widget elementor-widget-heading\" data-id=\"75237e1\" data-element_type=\"widget\" data-e-type=\"widget\" data-widget_type=\"heading.default\">\n\t\t\t\t\t<h2 class=\"elementor-heading-title elementor-size-default\">M\u00f6chten Sie mehr erfahren?<br \/><strong>Laden Sie unsere Brosch\u00fcre herunter...<\/strong><\/h2>\t\t\t\t<\/div>\n\t\t\t\t<div class=\"elementor-element elementor-element-2bacb38 elementor-widget-divider--view-line elementor-widget elementor-widget-divider\" data-id=\"2bacb38\" data-element_type=\"widget\" data-e-type=\"widget\" data-widget_type=\"divider.default\">\n\t\t\t\t\t\t\t<div class=\"elementor-divider\">\n\t\t\t<span class=\"elementor-divider-separator\">\n\t\t\t\t\t\t<\/span>\n\t\t<\/div>\n\t\t\t\t\t\t<\/div>\n\t\t<div class=\"elementor-element elementor-element-a532400 e-con-full e-flex e-con e-child\" data-id=\"a532400\" data-element_type=\"container\" data-e-type=\"container\">\n\t\t\t\t<div class=\"elementor-element elementor-element-77e44cc elementor-widget elementor-widget-button\" data-id=\"77e44cc\" data-element_type=\"widget\" data-e-type=\"widget\" data-widget_type=\"button.default\">\n\t\t\t\t\t\t\t\t\t\t<a class=\"elementor-button elementor-button-link elementor-size-sm\" href=\"https:\/\/www.lumatec-group.com\/wp-content\/uploads\/2024\/11\/Catalogue_2023_FR.pdf\" target=\"_blank\">\n\t\t\t\t\t\t<span class=\"elementor-button-content-wrapper\">\n\t\t\t\t\t\t\t\t\t<span class=\"elementor-button-text\">Catalogue de r\u00e9alisation<\/span>\n\t\t\t\t\t<\/span>\n\t\t\t\t\t<\/a>\n\t\t\t\t\t\t\t\t<\/div>\n\t\t\t\t<\/div>\n\t\t<div class=\"elementor-element elementor-element-4440c22 e-con-full e-flex e-con e-child\" data-id=\"4440c22\" data-element_type=\"container\" data-e-type=\"container\">\n\t\t\t\t<div class=\"elementor-element elementor-element-b5593d5 elementor-widget elementor-widget-button\" data-id=\"b5593d5\" data-element_type=\"widget\" data-e-type=\"widget\" data-widget_type=\"button.default\">\n\t\t\t\t\t\t\t\t\t\t<a class=\"elementor-button elementor-button-link elementor-size-sm\" href=\"https:\/\/www.lumatec-group.com\/wp-content\/uploads\/2024\/11\/Catalogue_2023_GB.pdf\" target=\"_blank\">\n\t\t\t\t\t\t<span class=\"elementor-button-content-wrapper\">\n\t\t\t\t\t\t\t\t\t<span class=\"elementor-button-text\">Catalogue of products<\/span>\n\t\t\t\t\t<\/span>\n\t\t\t\t\t<\/a>\n\t\t\t\t\t\t\t\t<\/div>\n\t\t\t\t<\/div>\n\t\t\t\t\t<\/div>\n\t\t\t\t<\/div>\n\t\t\t\t<\/div>\n\t\t","protected":false},"excerpt":{"rendered":"<p>Lumatec,\u00e0 la pointe de la technologie F\u00fcr Sie optimieren wir st\u00e4ndig An der Spitze der Technologie stehen um, bei unseren Entwicklungen die funktionalen, technischen und \u00e4sthetischen Aspekte zu kombinieren. Die Leistung eines Produkts erh\u00f6hen und L\u00f6sungen bieten, die zur Architektur der Orte passt, ohne diese zu verzerren. Notbeleuchtung Markierungsbeleuchtung Beleuchtung Notlichtelement M\u00f6chten Sie mehr erfahren?Laden [&hellip;]<\/p>\n","protected":false},"author":1,"featured_media":0,"parent":0,"menu_order":0,"comment_status":"closed","ping_status":"closed","template":"","meta":{"ocean_post_layout":"","ocean_both_sidebars_style":"","ocean_both_sidebars_content_width":0,"ocean_both_sidebars_sidebars_width":0,"ocean_sidebar":"","ocean_second_sidebar":"","ocean_disable_margins":"enable","ocean_add_body_class":"","ocean_shortcode_before_top_bar":"","ocean_shortcode_after_top_bar":"","ocean_shortcode_before_header":"","ocean_shortcode_after_header":"","ocean_has_shortcode":"","ocean_shortcode_after_title":"","ocean_shortcode_before_footer_widgets":"","ocean_shortcode_after_footer_widgets":"","ocean_shortcode_before_footer_bottom":"","ocean_shortcode_after_footer_bottom":"","ocean_display_top_bar":"default","ocean_display_header":"default","ocean_header_style":"","ocean_center_header_left_menu":"","ocean_custom_header_template":"","ocean_custom_logo":0,"ocean_custom_retina_logo":0,"ocean_custom_logo_max_width":0,"ocean_custom_logo_tablet_max_width":0,"ocean_custom_logo_mobile_max_width":0,"ocean_custom_logo_max_height":0,"ocean_custom_logo_tablet_max_height":0,"ocean_custom_logo_mobile_max_height":0,"ocean_header_custom_menu":"","ocean_menu_typo_font_family":"","ocean_menu_typo_font_subset":"","ocean_menu_typo_font_size":0,"ocean_menu_typo_font_size_tablet":0,"ocean_menu_typo_font_size_mobile":0,"ocean_menu_typo_font_size_unit":"px","ocean_menu_typo_font_weight":"","ocean_menu_typo_font_weight_tablet":"","ocean_menu_typo_font_weight_mobile":"","ocean_menu_typo_transform":"","ocean_menu_typo_transform_tablet":"","ocean_menu_typo_transform_mobile":"","ocean_menu_typo_line_height":0,"ocean_menu_typo_line_height_tablet":0,"ocean_menu_typo_line_height_mobile":0,"ocean_menu_typo_line_height_unit":"","ocean_menu_typo_spacing":0,"ocean_menu_typo_spacing_tablet":0,"ocean_menu_typo_spacing_mobile":0,"ocean_menu_typo_spacing_unit":"","ocean_menu_link_color":"","ocean_menu_link_color_hover":"","ocean_menu_link_color_active":"","ocean_menu_link_background":"","ocean_menu_link_hover_background":"","ocean_menu_link_active_background":"","ocean_menu_social_links_bg":"","ocean_menu_social_hover_links_bg":"","ocean_menu_social_links_color":"","ocean_menu_social_hover_links_color":"","ocean_disable_title":"default","ocean_disable_heading":"default","ocean_post_title":"","ocean_post_subheading":"","ocean_post_title_style":"","ocean_post_title_background_color":"","ocean_post_title_background":0,"ocean_post_title_bg_image_position":"","ocean_post_title_bg_image_attachment":"","ocean_post_title_bg_image_repeat":"","ocean_post_title_bg_image_size":"","ocean_post_title_height":0,"ocean_post_title_bg_overlay":0.5,"ocean_post_title_bg_overlay_color":"","ocean_disable_breadcrumbs":"default","ocean_breadcrumbs_color":"","ocean_breadcrumbs_separator_color":"","ocean_breadcrumbs_links_color":"","ocean_breadcrumbs_links_hover_color":"","ocean_display_footer_widgets":"default","ocean_display_footer_bottom":"default","ocean_custom_footer_template":"","osh_disable_topbar_sticky":"default","osh_disable_header_sticky":"default","osh_sticky_header_style":"default","osh_sticky_header_effect":"","osh_custom_sticky_logo":0,"osh_custom_retina_sticky_logo":0,"osh_custom_sticky_logo_height":0,"osh_background_color":"","osh_links_color":"","osh_links_hover_color":"","osh_links_active_color":"","osh_links_bg_color":"","osh_links_hover_bg_color":"","osh_links_active_bg_color":"","osh_menu_social_links_color":"","osh_menu_social_hover_links_color":"","footnotes":""},"class_list":["post-855","page","type-page","status-publish","hentry","entry"],"_links":{"self":[{"href":"https:\/\/www.lumatec-group.com\/de\/wp-json\/wp\/v2\/pages\/855","targetHints":{"allow":["GET"]}}],"collection":[{"href":"https:\/\/www.lumatec-group.com\/de\/wp-json\/wp\/v2\/pages"}],"about":[{"href":"https:\/\/www.lumatec-group.com\/de\/wp-json\/wp\/v2\/types\/page"}],"author":[{"embeddable":true,"href":"https:\/\/www.lumatec-group.com\/de\/wp-json\/wp\/v2\/users\/1"}],"replies":[{"embeddable":true,"href":"https:\/\/www.lumatec-group.com\/de\/wp-json\/wp\/v2\/comments?post=855"}],"version-history":[{"count":4,"href":"https:\/\/www.lumatec-group.com\/de\/wp-json\/wp\/v2\/pages\/855\/revisions"}],"predecessor-version":[{"id":864,"href":"https:\/\/www.lumatec-group.com\/de\/wp-json\/wp\/v2\/pages\/855\/revisions\/864"}],"wp:attachment":[{"href":"https:\/\/www.lumatec-group.com\/de\/wp-json\/wp\/v2\/media?parent=855"}],"curies":[{"name":"wp","href":"https:\/\/api.w.org\/{rel}","templated":true}]}}