{"id":883,"date":"2024-11-15T15:25:59","date_gmt":"2024-11-15T14:25:59","guid":{"rendered":"https:\/\/www.lumatec-group.com\/realisations\/"},"modified":"2026-03-20T12:32:56","modified_gmt":"2026-03-20T11:32:56","slug":"wohnanlagen","status":"publish","type":"page","link":"https:\/\/www.lumatec-group.com\/de\/wohnanlagen\/","title":{"rendered":"Wohnanlagen"},"content":{"rendered":"\t\t<div data-elementor-type=\"wp-page\" data-elementor-id=\"883\" class=\"elementor elementor-883 elementor-683\">\n\t\t\t\t\t\t<section class=\"elementor-section elementor-top-section elementor-element elementor-element-3b94553 elementor-section-full_width elementor-section-height-min-height elementor-section-items-bottom elementor-section-stretched elementor-section-height-default\" data-id=\"3b94553\" data-element_type=\"section\" data-e-type=\"section\" data-settings=\"{&quot;stretch_section&quot;:&quot;section-stretched&quot;,&quot;background_background&quot;:&quot;classic&quot;,&quot;animation&quot;:&quot;none&quot;,&quot;background_image&quot;:{&quot;url&quot;:&quot;https:\\\/\\\/www.lumatec-group.com\\\/wp-content\\\/uploads\\\/2022\\\/06\\\/VisuelArchitecture@2x.jpg&quot;,&quot;id&quot;:846,&quot;size&quot;:&quot;&quot;,&quot;alt&quot;:&quot;&quot;,&quot;source&quot;:&quot;library&quot;},&quot;background_image_tablet&quot;:{&quot;url&quot;:&quot;&quot;,&quot;id&quot;:&quot;&quot;,&quot;size&quot;:&quot;&quot;},&quot;background_image_mobile&quot;:{&quot;url&quot;:&quot;&quot;,&quot;id&quot;:&quot;&quot;,&quot;size&quot;:&quot;&quot;}}\">\n\t\t\t\t\t\t\t<div class=\"elementor-background-overlay\"><\/div>\n\t\t\t\t\t\t\t<div class=\"elementor-container elementor-column-gap-default\">\n\t\t\t\t\t<div class=\"elementor-column elementor-col-100 elementor-top-column elementor-element elementor-element-152edd4\" data-id=\"152edd4\" data-element_type=\"column\" data-e-type=\"column\">\n\t\t\t<div class=\"elementor-widget-wrap elementor-element-populated\">\n\t\t\t\t\t\t<div class=\"elementor-element elementor-element-eb9d098 elementor-align-left elementor-widget elementor-widget-oew-animated-heading\" data-id=\"eb9d098\" data-element_type=\"widget\" data-e-type=\"widget\" data-settings=\"{&quot;heading_animation_delay&quot;:5700,&quot;heading_animation&quot;:&quot;slideInRight&quot;,&quot;heading_layout&quot;:&quot;animated&quot;}\" data-widget_type=\"oew-animated-heading.default\">\n\t\t\t\t<div class=\"elementor-widget-container\">\n\t\t\t\t\t\n\t\t<div id=\"oew-animated-heading-eb9d098\" class=\"oew-heading-wrap\">\n\t\t\t<h1 class=\"oew-heading-tag\">\n\n\t\t\t\t\t\t\t\t\t<div class=\"oew-pre-heading\">Entdecken Sie unsere Projekte...<\/div>\n\t\t\t\t\t\n\t\t\t<\/h1>\n\t\t<\/div>\n\n\t\t\t\t\t\t<\/div>\n\t\t\t\t<\/div>\n\t\t\t\t\t<\/div>\n\t\t<\/div>\n\t\t\t\t\t<\/div>\n\t\t<\/section>\n\t\t<div class=\"elementor-element elementor-element-e479e5e e-flex e-con-boxed e-con e-parent\" data-id=\"e479e5e\" data-element_type=\"container\" data-e-type=\"container\">\n\t\t\t\t\t<div class=\"e-con-inner\">\n\t\t\t\t<div class=\"elementor-element elementor-element-bd4a4df elementor-widget__width-inherit elementor-widget elementor-widget-heading\" data-id=\"bd4a4df\" data-element_type=\"widget\" data-e-type=\"widget\" data-widget_type=\"heading.default\">\n\t\t\t\t\t<h2 class=\"elementor-heading-title elementor-size-default\"><strong>Zuverl\u00e4ssige und ma\u00dfgeschneiderte<\/strong> L\u00f6sungen<\/h2>\t\t\t\t<\/div>\n\t\t\t\t<div class=\"elementor-element elementor-element-474efa3 elementor-widget-divider--view-line elementor-widget elementor-widget-divider\" data-id=\"474efa3\" data-element_type=\"widget\" data-e-type=\"widget\" data-widget_type=\"divider.default\">\n\t\t\t\t\t\t\t<div class=\"elementor-divider\">\n\t\t\t<span class=\"elementor-divider-separator\">\n\t\t\t\t\t\t<\/span>\n\t\t<\/div>\n\t\t\t\t\t\t<\/div>\n\t\t\t\t<div class=\"elementor-element elementor-element-eb9c582 elementor-widget__width-inherit elementor-widget elementor-widget-text-editor\" data-id=\"eb9c582\" data-element_type=\"widget\" data-e-type=\"widget\" data-widget_type=\"text-editor.default\">\n\t\t\t\t\t\t\t\t\t<p>Unsere Produkte sind auf dem Markt seit Jahren eine bekannte Referenz. Lumatec bietet architektonisch angepasste L\u00f6sungen an, in welchen innovative und zuverl\u00e4ssige Technologien eingesetzt werden.<\/p><div id=\"tab-realisations\">\u00a0<\/div>\t\t\t\t\t\t\t\t<\/div>\n\t\t\t\t<div class=\"elementor-element elementor-element-b433803 elementor-widget__width-initial elementor-position-top elementor-widget elementor-widget-image-box\" data-id=\"b433803\" data-element_type=\"widget\" data-e-type=\"widget\" data-widget_type=\"image-box.default\">\n\t\t\t\t\t<div class=\"elementor-image-box-wrapper\"><figure class=\"elementor-image-box-img\"><a href=\"https:\/\/lumatec.company\/realisations\/monuments_historiques.php\" target=\"_blank\" tabindex=\"-1\"><img fetchpriority=\"high\" decoding=\"async\" width=\"1371\" height=\"1371\" src=\"https:\/\/www.lumatec-group.com\/wp-content\/uploads\/2024\/11\/Lumatec-MonumentsHistoriques@2x.jpg\" class=\"attachment-full size-full wp-image-893\" alt=\"Les solutions d&#039;\u00e9clairages Lumatec sont adapt\u00e9es aux b\u00e2timents historiques\" srcset=\"https:\/\/www.lumatec-group.com\/wp-content\/uploads\/2024\/11\/Lumatec-MonumentsHistoriques@2x.jpg 1371w, https:\/\/www.lumatec-group.com\/wp-content\/uploads\/2024\/11\/Lumatec-MonumentsHistoriques@2x-300x300.jpg 300w, https:\/\/www.lumatec-group.com\/wp-content\/uploads\/2024\/11\/Lumatec-MonumentsHistoriques@2x-1024x1024.jpg 1024w, https:\/\/www.lumatec-group.com\/wp-content\/uploads\/2024\/11\/Lumatec-MonumentsHistoriques@2x-150x150.jpg 150w, https:\/\/www.lumatec-group.com\/wp-content\/uploads\/2024\/11\/Lumatec-MonumentsHistoriques@2x-768x768.jpg 768w, https:\/\/www.lumatec-group.com\/wp-content\/uploads\/2024\/11\/Lumatec-MonumentsHistoriques@2x-600x600.jpg 600w\" sizes=\"(max-width: 1371px) 100vw, 1371px\" \/><\/a><\/figure><div class=\"elementor-image-box-content\"><h3 class=\"elementor-image-box-title\"><a href=\"https:\/\/lumatec.company\/realisations\/monuments_historiques.php\" target=\"_blank\">Historische monumente<\/a><\/h3><\/div><\/div>\t\t\t\t<\/div>\n\t\t\t\t<div class=\"elementor-element elementor-element-ec1c9b6 elementor-widget__width-initial elementor-position-top elementor-widget elementor-widget-image-box\" data-id=\"ec1c9b6\" data-element_type=\"widget\" data-e-type=\"widget\" data-widget_type=\"image-box.default\">\n\t\t\t\t\t<div class=\"elementor-image-box-wrapper\"><figure class=\"elementor-image-box-img\"><a href=\"https:\/\/lumatec.company\/realisations\/espaces_publics.php\" target=\"_blank\" tabindex=\"-1\"><img decoding=\"async\" width=\"930\" height=\"930\" src=\"https:\/\/www.lumatec-group.com\/wp-content\/uploads\/2024\/11\/Lumatec-EspacesPubliques@2x.jpg\" class=\"attachment-full size-full wp-image-884\" alt=\"Lumatec balise avec fiabilit\u00e9 les espaces publiques\" srcset=\"https:\/\/www.lumatec-group.com\/wp-content\/uploads\/2024\/11\/Lumatec-EspacesPubliques@2x.jpg 930w, https:\/\/www.lumatec-group.com\/wp-content\/uploads\/2024\/11\/Lumatec-EspacesPubliques@2x-300x300.jpg 300w, https:\/\/www.lumatec-group.com\/wp-content\/uploads\/2024\/11\/Lumatec-EspacesPubliques@2x-150x150.jpg 150w, https:\/\/www.lumatec-group.com\/wp-content\/uploads\/2024\/11\/Lumatec-EspacesPubliques@2x-768x768.jpg 768w, https:\/\/www.lumatec-group.com\/wp-content\/uploads\/2024\/11\/Lumatec-EspacesPubliques@2x-600x600.jpg 600w\" sizes=\"(max-width: 930px) 100vw, 930px\" \/><\/a><\/figure><div class=\"elementor-image-box-content\"><h3 class=\"elementor-image-box-title\"><a href=\"https:\/\/lumatec.company\/realisations\/espaces_publics.php\" target=\"_blank\">\u00d6ffentliche R\u00e4ume<\/a><\/h3><\/div><\/div>\t\t\t\t<\/div>\n\t\t\t\t<div class=\"elementor-element elementor-element-6d2b626 elementor-widget__width-initial elementor-position-top elementor-widget elementor-widget-image-box\" data-id=\"6d2b626\" data-element_type=\"widget\" data-e-type=\"widget\" data-widget_type=\"image-box.default\">\n\t\t\t\t\t<div class=\"elementor-image-box-wrapper\"><figure class=\"elementor-image-box-img\"><a href=\"https:\/\/lumatec.company\/realisations\/infrastructures.php\" target=\"_blank\" tabindex=\"-1\"><img decoding=\"async\" width=\"930\" height=\"930\" src=\"https:\/\/www.lumatec-group.com\/wp-content\/uploads\/2024\/11\/Lumatec-Infrastructures@2x.jpg\" class=\"attachment-full size-full wp-image-892\" alt=\"Des infrastructures aux acc\u00e8s s\u00e9curis\u00e9s gr\u00e2ce aux solutions de Lumatec\" srcset=\"https:\/\/www.lumatec-group.com\/wp-content\/uploads\/2024\/11\/Lumatec-Infrastructures@2x.jpg 930w, https:\/\/www.lumatec-group.com\/wp-content\/uploads\/2024\/11\/Lumatec-Infrastructures@2x-300x300.jpg 300w, https:\/\/www.lumatec-group.com\/wp-content\/uploads\/2024\/11\/Lumatec-Infrastructures@2x-150x150.jpg 150w, https:\/\/www.lumatec-group.com\/wp-content\/uploads\/2024\/11\/Lumatec-Infrastructures@2x-768x768.jpg 768w, https:\/\/www.lumatec-group.com\/wp-content\/uploads\/2024\/11\/Lumatec-Infrastructures@2x-600x600.jpg 600w\" sizes=\"(max-width: 930px) 100vw, 930px\" \/><\/a><\/figure><div class=\"elementor-image-box-content\"><h3 class=\"elementor-image-box-title\"><a href=\"https:\/\/lumatec.company\/realisations\/infrastructures.php\" target=\"_blank\">Infrastruktur<\/a><\/h3><\/div><\/div>\t\t\t\t<\/div>\n\t\t\t\t<div class=\"elementor-element elementor-element-11cf8f2 elementor-widget__width-initial elementor-position-top elementor-widget elementor-widget-image-box\" data-id=\"11cf8f2\" data-element_type=\"widget\" data-e-type=\"widget\" data-widget_type=\"image-box.default\">\n\t\t\t\t\t<div class=\"elementor-image-box-wrapper\"><figure class=\"elementor-image-box-img\"><a href=\"https:\/\/lumatec.company\/produits\/modules.php\" target=\"_blank\" tabindex=\"-1\"><img loading=\"lazy\" decoding=\"async\" width=\"930\" height=\"930\" src=\"https:\/\/www.lumatec-group.com\/wp-content\/uploads\/2024\/11\/Lumatec-Residences@2x.jpg\" class=\"attachment-full size-full wp-image-894\" alt=\"Lumatec illumine vos r\u00e9sidences.\" srcset=\"https:\/\/www.lumatec-group.com\/wp-content\/uploads\/2024\/11\/Lumatec-Residences@2x.jpg 930w, https:\/\/www.lumatec-group.com\/wp-content\/uploads\/2024\/11\/Lumatec-Residences@2x-300x300.jpg 300w, https:\/\/www.lumatec-group.com\/wp-content\/uploads\/2024\/11\/Lumatec-Residences@2x-150x150.jpg 150w, https:\/\/www.lumatec-group.com\/wp-content\/uploads\/2024\/11\/Lumatec-Residences@2x-768x768.jpg 768w, https:\/\/www.lumatec-group.com\/wp-content\/uploads\/2024\/11\/Lumatec-Residences@2x-600x600.jpg 600w\" sizes=\"(max-width: 930px) 100vw, 930px\" \/><\/a><\/figure><div class=\"elementor-image-box-content\"><h3 class=\"elementor-image-box-title\"><a href=\"https:\/\/lumatec.company\/produits\/modules.php\" target=\"_blank\">Residenzen<\/a><\/h3><\/div><\/div>\t\t\t\t<\/div>\n\t\t\t\t\t<\/div>\n\t\t\t\t<\/div>\n\t\t<div class=\"elementor-element elementor-element-fcb6c47 e-flex e-con-boxed e-con e-parent\" data-id=\"fcb6c47\" data-element_type=\"container\" data-e-type=\"container\" data-settings=\"{&quot;background_background&quot;:&quot;classic&quot;}\">\n\t\t\t\t\t<div class=\"e-con-inner\">\n\t\t\t\t<div class=\"elementor-element elementor-element-3acb16a elementor-widget__width-inherit elementor-widget elementor-widget-heading\" data-id=\"3acb16a\" data-element_type=\"widget\" data-e-type=\"widget\" data-widget_type=\"heading.default\">\n\t\t\t\t\t<h2 class=\"elementor-heading-title elementor-size-default\">M\u00f6chten Sie mehr erfahren?<br \/><strong>Laden Sie unsere Brosch\u00fcre herunter<\/strong>...<\/h2>\t\t\t\t<\/div>\n\t\t\t\t<div class=\"elementor-element elementor-element-a6d1a2c elementor-widget-divider--view-line elementor-widget elementor-widget-divider\" data-id=\"a6d1a2c\" data-element_type=\"widget\" data-e-type=\"widget\" data-widget_type=\"divider.default\">\n\t\t\t\t\t\t\t<div class=\"elementor-divider\">\n\t\t\t<span class=\"elementor-divider-separator\">\n\t\t\t\t\t\t<\/span>\n\t\t<\/div>\n\t\t\t\t\t\t<\/div>\n\t\t<div class=\"elementor-element elementor-element-65cae7f e-con-full e-flex e-con e-child\" data-id=\"65cae7f\" data-element_type=\"container\" data-e-type=\"container\">\n\t\t\t\t<div class=\"elementor-element elementor-element-672f5f4 elementor-widget elementor-widget-button\" data-id=\"672f5f4\" data-element_type=\"widget\" data-e-type=\"widget\" data-widget_type=\"button.default\">\n\t\t\t\t\t\t\t\t\t\t<a class=\"elementor-button elementor-button-link elementor-size-sm\" href=\"https:\/\/www.lumatec-group.com\/wp-content\/uploads\/2024\/11\/Catalogue_2023_FR.pdf\" target=\"_blank\">\n\t\t\t\t\t\t<span class=\"elementor-button-content-wrapper\">\n\t\t\t\t\t\t\t\t\t<span class=\"elementor-button-text\">Brochure de r\u00e9alisations<\/span>\n\t\t\t\t\t<\/span>\n\t\t\t\t\t<\/a>\n\t\t\t\t\t\t\t\t<\/div>\n\t\t\t\t<\/div>\n\t\t<div class=\"elementor-element elementor-element-2ac9c05 e-con-full e-flex e-con e-child\" data-id=\"2ac9c05\" data-element_type=\"container\" data-e-type=\"container\">\n\t\t\t\t<div class=\"elementor-element elementor-element-b4a77bf elementor-widget elementor-widget-button\" data-id=\"b4a77bf\" data-element_type=\"widget\" data-e-type=\"widget\" data-widget_type=\"button.default\">\n\t\t\t\t\t\t\t\t\t\t<a class=\"elementor-button elementor-button-link elementor-size-sm\" href=\"https:\/\/www.lumatec-group.com\/wp-content\/uploads\/2024\/11\/Catalogue_2023_GB.pdf\" target=\"_blank\">\n\t\t\t\t\t\t<span class=\"elementor-button-content-wrapper\">\n\t\t\t\t\t\t\t\t\t<span class=\"elementor-button-text\">Catalogue of products<\/span>\n\t\t\t\t\t<\/span>\n\t\t\t\t\t<\/a>\n\t\t\t\t\t\t\t\t<\/div>\n\t\t\t\t<\/div>\n\t\t\t\t\t<\/div>\n\t\t\t\t<\/div>\n\t\t\t\t<\/div>\n\t\t","protected":false},"excerpt":{"rendered":"<p>Entdecken Sie unsere Projekte&#8230; Zuverl\u00e4ssige und ma\u00dfgeschneiderte L\u00f6sungen Unsere Produkte sind auf dem Markt seit Jahren eine bekannte Referenz. Lumatec bietet architektonisch angepasste L\u00f6sungen an, in welchen innovative und zuverl\u00e4ssige Technologien eingesetzt werden. \u00a0 Historische monumente \u00d6ffentliche R\u00e4ume Infrastruktur Residenzen M\u00f6chten Sie mehr erfahren?Laden Sie unsere Brosch\u00fcre herunter&#8230; Brochure de r\u00e9alisations Catalogue of products<\/p>\n","protected":false},"author":1,"featured_media":0,"parent":0,"menu_order":0,"comment_status":"closed","ping_status":"closed","template":"","meta":{"ocean_post_layout":"","ocean_both_sidebars_style":"","ocean_both_sidebars_content_width":0,"ocean_both_sidebars_sidebars_width":0,"ocean_sidebar":"","ocean_second_sidebar":"","ocean_disable_margins":"enable","ocean_add_body_class":"","ocean_shortcode_before_top_bar":"","ocean_shortcode_after_top_bar":"","ocean_shortcode_before_header":"","ocean_shortcode_after_header":"","ocean_has_shortcode":"","ocean_shortcode_after_title":"","ocean_shortcode_before_footer_widgets":"","ocean_shortcode_after_footer_widgets":"","ocean_shortcode_before_footer_bottom":"","ocean_shortcode_after_footer_bottom":"","ocean_display_top_bar":"default","ocean_display_header":"default","ocean_header_style":"","ocean_center_header_left_menu":"","ocean_custom_header_template":"","ocean_custom_logo":0,"ocean_custom_retina_logo":0,"ocean_custom_logo_max_width":0,"ocean_custom_logo_tablet_max_width":0,"ocean_custom_logo_mobile_max_width":0,"ocean_custom_logo_max_height":0,"ocean_custom_logo_tablet_max_height":0,"ocean_custom_logo_mobile_max_height":0,"ocean_header_custom_menu":"","ocean_menu_typo_font_family":"","ocean_menu_typo_font_subset":"","ocean_menu_typo_font_size":0,"ocean_menu_typo_font_size_tablet":0,"ocean_menu_typo_font_size_mobile":0,"ocean_menu_typo_font_size_unit":"px","ocean_menu_typo_font_weight":"","ocean_menu_typo_font_weight_tablet":"","ocean_menu_typo_font_weight_mobile":"","ocean_menu_typo_transform":"","ocean_menu_typo_transform_tablet":"","ocean_menu_typo_transform_mobile":"","ocean_menu_typo_line_height":0,"ocean_menu_typo_line_height_tablet":0,"ocean_menu_typo_line_height_mobile":0,"ocean_menu_typo_line_height_unit":"","ocean_menu_typo_spacing":0,"ocean_menu_typo_spacing_tablet":0,"ocean_menu_typo_spacing_mobile":0,"ocean_menu_typo_spacing_unit":"","ocean_menu_link_color":"","ocean_menu_link_color_hover":"","ocean_menu_link_color_active":"","ocean_menu_link_background":"","ocean_menu_link_hover_background":"","ocean_menu_link_active_background":"","ocean_menu_social_links_bg":"","ocean_menu_social_hover_links_bg":"","ocean_menu_social_links_color":"","ocean_menu_social_hover_links_color":"","ocean_disable_title":"default","ocean_disable_heading":"default","ocean_post_title":"","ocean_post_subheading":"","ocean_post_title_style":"","ocean_post_title_background_color":"","ocean_post_title_background":0,"ocean_post_title_bg_image_position":"","ocean_post_title_bg_image_attachment":"","ocean_post_title_bg_image_repeat":"","ocean_post_title_bg_image_size":"","ocean_post_title_height":0,"ocean_post_title_bg_overlay":0.5,"ocean_post_title_bg_overlay_color":"","ocean_disable_breadcrumbs":"default","ocean_breadcrumbs_color":"","ocean_breadcrumbs_separator_color":"","ocean_breadcrumbs_links_color":"","ocean_breadcrumbs_links_hover_color":"","ocean_display_footer_widgets":"default","ocean_display_footer_bottom":"default","ocean_custom_footer_template":"","osh_disable_topbar_sticky":"default","osh_disable_header_sticky":"default","osh_sticky_header_style":"default","osh_sticky_header_effect":"","osh_custom_sticky_logo":0,"osh_custom_retina_sticky_logo":0,"osh_custom_sticky_logo_height":0,"osh_background_color":"","osh_links_color":"","osh_links_hover_color":"","osh_links_active_color":"","osh_links_bg_color":"","osh_links_hover_bg_color":"","osh_links_active_bg_color":"","osh_menu_social_links_color":"","osh_menu_social_hover_links_color":"","footnotes":""},"class_list":["post-883","page","type-page","status-publish","hentry","entry"],"_links":{"self":[{"href":"https:\/\/www.lumatec-group.com\/de\/wp-json\/wp\/v2\/pages\/883","targetHints":{"allow":["GET"]}}],"collection":[{"href":"https:\/\/www.lumatec-group.com\/de\/wp-json\/wp\/v2\/pages"}],"about":[{"href":"https:\/\/www.lumatec-group.com\/de\/wp-json\/wp\/v2\/types\/page"}],"author":[{"embeddable":true,"href":"https:\/\/www.lumatec-group.com\/de\/wp-json\/wp\/v2\/users\/1"}],"replies":[{"embeddable":true,"href":"https:\/\/www.lumatec-group.com\/de\/wp-json\/wp\/v2\/comments?post=883"}],"version-history":[{"count":4,"href":"https:\/\/www.lumatec-group.com\/de\/wp-json\/wp\/v2\/pages\/883\/revisions"}],"predecessor-version":[{"id":898,"href":"https:\/\/www.lumatec-group.com\/de\/wp-json\/wp\/v2\/pages\/883\/revisions\/898"}],"wp:attachment":[{"href":"https:\/\/www.lumatec-group.com\/de\/wp-json\/wp\/v2\/media?parent=883"}],"curies":[{"name":"wp","href":"https:\/\/api.w.org\/{rel}","templated":true}]}}